{"id":6084,"date":"2019-09-18T08:30:45","date_gmt":"2019-09-18T08:30:45","guid":{"rendered":"https:\/\/demoapus2.com\/abolire\/?page_id=6084"},"modified":"2025-10-03T17:06:02","modified_gmt":"2025-10-03T14:06:02","slug":"services","status":"publish","type":"page","link":"https:\/\/tanyapidekorasyonizolasyon.com\/index.php\/services\/","title":{"rendered":"H\u0130ZMETLER\u0130M\u0130Z"},"content":{"rendered":"\t\t<div data-elementor-type=\"wp-page\" data-elementor-id=\"6084\" class=\"elementor elementor-6084\">\n\t\t\t\t\t\t<section class=\"elementor-section elementor-top-section elementor-element elementor-element-0bf36ad elementor-section-stretched elementor-section-boxed elementor-section-height-default elementor-section-height-default elementor-invisible\" data-id=\"0bf36ad\" data-element_type=\"section\" data-settings=\"{&quot;stretch_section&quot;:&quot;section-stretched&quot;,&quot;background_background&quot;:&quot;classic&quot;,&quot;animation&quot;:&quot;fadeInUp&quot;}\">\n\t\t\t\t\t\t<div class=\"elementor-container elementor-column-gap-extended\">\n\t\t\t\t\t<div class=\"elementor-column elementor-col-100 elementor-top-column elementor-element elementor-element-b7f0032\" data-id=\"b7f0032\" data-element_type=\"column\" data-settings=\"{&quot;background_background&quot;:&quot;classic&quot;}\">\n\t\t\t<div class=\"elementor-widget-wrap elementor-element-populated\">\n\t\t\t\t\t\t<div class=\"elementor-element elementor-element-4921b3f elementor-widget elementor-widget-apus_element_features_box\" data-id=\"4921b3f\" data-element_type=\"widget\" data-widget_type=\"apus_element_features_box.default\">\n\t\t\t\t<div class=\"elementor-widget-container\">\n\t\t\t\t\t            <div class=\"widget-features-box  center style1\">\n\n                    <div class=\"row\">\n                                                        <div class=\"item col-xs-6 col-sm-6 col-md-3 col-lg-3\">\n                                    <div class=\"item-inner\">\n\n                                    <div class=\"features-box-image icon\"><i class=\"flaticon-audio\"><\/i><\/div><div class=\"features-box-content\"><a href=\"https:\/\/tanyapidekorasyonizolasyon.com\/index.php\/services\/\" target=\"_self\" ><h3 class=\"title\">\u00d6zg\u00fcn Tasar\u0131mlar<\/h3><\/a><div class=\"description\">Mek\u00e2nlar\u0131n\u0131z\u0131, ihtiya\u00e7 ve zevklerinize \u00f6zel \u00f6zg\u00fcn tasar\u0131mlarla yeniden \u015fekillendiriyoruz.<\/div><\/div>\n                                <\/div>\n                            <\/div>\n                                                        <div class=\"item col-xs-6 col-sm-6 col-md-3 col-lg-3\">\n                                    <div class=\"item-inner\">\n\n                                    <div class=\"features-box-image icon\"><i class=\"flaticon-wall\"><\/i><\/div><div class=\"features-box-content\"><a href=\"https:\/\/tanyapidekorasyonizolasyon.com\/index.php\/services\/\" target=\"_self\" ><h3 class=\"title\">Kaliteli Malzeme Ve \u0130\u015f\u00e7ilik<\/h3><\/a><div class=\"description\">T\u00fcm projelerimizde birinci s\u0131n\u0131f malzeme ve usta i\u015f\u00e7ilikle hizmet sunuyoruz.<\/div><\/div>\n                                <\/div>\n                            <\/div>\n                                                        <div class=\"item col-xs-6 col-sm-6 col-md-3 col-lg-3\">\n                                    <div class=\"item-inner\">\n\n                                    <div class=\"features-box-image icon\"><i class=\"flaticon-architecture-and-city\"><\/i><\/div><div class=\"features-box-content\"><a href=\"https:\/\/tanyapidekorasyonizolasyon.com\/index.php\/services\/\" target=\"_self\" ><h3 class=\"title\"> Zaman\u0131nda Teslimat<\/h3><\/a><div class=\"description\">Projelerinizi planlad\u0131\u011f\u0131m\u0131z s\u00fcrede, eksiksiz ve zaman\u0131nda teslim ediyoruz.<\/div><\/div>\n                                <\/div>\n                            <\/div>\n                                                        <div class=\"item col-xs-6 col-sm-6 col-md-3 col-lg-3\">\n                                    <div class=\"item-inner\">\n\n                                    <div class=\"features-box-image icon\"><i class=\"flaticon-rent\"><\/i><\/div><div class=\"features-box-content\"><a href=\"https:\/\/tanyapidekorasyonizolasyon.com\/index.php\/services\/\" target=\"_self\" ><h3 class=\"title\">M\u00fc\u015fteri Memnuniyeti<\/h3><\/a><div class=\"description\">T\u00fcm s\u00fcre\u00e7lerde m\u00fc\u015fteri memnuniyetini \u00f6n planda tutarak hizmet sunuyoruz.<\/div><\/div>\n                                <\/div>\n                            <\/div>\n                                            <\/div>\n\n            <\/div>\n            \t\t\t\t<\/div>\n\t\t\t\t<\/div>\n\t\t\t\t<div class=\"elementor-element elementor-element-a21b3bd elementor-widget__width-initial elementor-widget elementor-widget-apus_element_features_box\" data-id=\"a21b3bd\" data-element_type=\"widget\" data-settings=\"{&quot;_animation&quot;:&quot;none&quot;}\" data-widget_type=\"apus_element_features_box.default\">\n\t\t\t\t<div class=\"elementor-widget-container\">\n\t\t\t\t\t            <div class=\"widget-features-box  center style1\">\n\n                    <div class=\"row\">\n                                                        <div class=\"item col-xs-6 col-sm-6 col-md-1.7142857142857 col-lg-1.7142857142857\">\n                                    <div class=\"item-inner\">\n\n                                    <div class=\"features-box-image icon\"><i class=\"flaticon-dog\"><\/i><\/div><div class=\"features-box-content\"><a href=\"https:\/\/tanyapidekorasyonizolasyon.com\/index.php\/services\/\" target=\"_self\" ><h3 class=\"title\">\u00d6zel Cephe Tasar\u0131m\u0131<\/h3><\/a><div class=\"description\">Cephe tasar\u0131mlar\u0131m\u0131zda mimari uyum, malzeme kalitesi ve \u00f6zg\u00fcnl\u00fc\u011f\u00fc esas al\u0131yoruz<\/div><\/div>\n                                <\/div>\n                            <\/div>\n                                                        <div class=\"item col-xs-6 col-sm-6 col-md-1.7142857142857 col-lg-1.7142857142857\">\n                                    <div class=\"item-inner\">\n\n                                    <div class=\"features-box-image icon\"><i class=\"flaticon-mission\"><\/i><\/div><div class=\"features-box-content\"><a href=\"https:\/\/tanyapidekorasyonizolasyon.com\/index.php\/services\/\" target=\"_self\" ><h3 class=\"title\">Cephe Yenileme ve Restorasyon<\/h3><\/a><div class=\"description\">Y\u0131pranm\u0131\u015f cepheleri asl\u0131na\nuygun \u015fekilde yenileyip restore ederek\nyap\u0131lar\u0131n \u00f6mr\u00fcn\u00fc uzat\u0131yoruz.<\/div><\/div>\n                                <\/div>\n                            <\/div>\n                                            <\/div>\n\n            <\/div>\n            \t\t\t\t<\/div>\n\t\t\t\t<\/div>\n\t\t\t\t\t<\/div>\n\t\t<\/div>\n\t\t\t\t\t<\/div>\n\t\t<\/section>\n\t\t\t\t<section class=\"elementor-section elementor-top-section elementor-element elementor-element-e768ac6 elementor-section-stretched elementor-section-boxed elementor-section-height-default elementor-section-height-default elementor-invisible\" data-id=\"e768ac6\" data-element_type=\"section\" data-settings=\"{&quot;stretch_section&quot;:&quot;section-stretched&quot;,&quot;background_background&quot;:&quot;classic&quot;,&quot;animation&quot;:&quot;fadeInUp&quot;}\">\n\t\t\t\t\t\t\t<div class=\"elementor-background-overlay\"><\/div>\n\t\t\t\t\t\t\t<div class=\"elementor-container elementor-column-gap-extended\">\n\t\t\t\t\t<div class=\"elementor-column elementor-col-100 elementor-top-column elementor-element elementor-element-cfeb965\" data-id=\"cfeb965\" data-element_type=\"column\">\n\t\t\t<div class=\"elementor-widget-wrap elementor-element-populated\">\n\t\t\t\t\t\t<div class=\"elementor-element elementor-element-dffe97e elementor-widget__width-initial elementor-widget elementor-widget-apus_element_tabs\" data-id=\"dffe97e\" data-element_type=\"widget\" data-widget_type=\"apus_element_tabs.default\">\n\t\t\t\t<div class=\"elementor-widget-container\">\n\t\t\t\t\t        <div class=\"widget-tabs apus-property-layout \">\n                            <h2 class=\"widget-title\">\n                    H\u0130ZMETLER\u0130M\u0130Z                <\/h2>\n                        <div class=\"widget-content\">\n                <ul role=\"tablist\" class=\"nav nav-tabs\">\n                                            <li class=\"active\">\n                            <a href=\"#tab-OZ7sg-0\" data-toggle=\"tab\">\n                                                                    DI\u015e CEPHE                                                            <\/a>\n                        <\/li>\n                                            <li class=\"\">\n                            <a href=\"#tab-OZ7sg-1\" data-toggle=\"tab\">\n                                                                    MANTOLAMA                                                            <\/a>\n                        <\/li>\n                                            <li class=\"\">\n                            <a href=\"#tab-OZ7sg-2\" data-toggle=\"tab\">\n                                                                    \u0130ZOLASYON                                                            <\/a>\n                        <\/li>\n                                            <li class=\"\">\n                            <a href=\"#tab-OZ7sg-3\" data-toggle=\"tab\">\n                                                                    \u00c7ATI                                                            <\/a>\n                        <\/li>\n                                            <li class=\"\">\n                            <a href=\"#tab-OZ7sg-4\" data-toggle=\"tab\">\n                                                                    \u0130\u00c7 M\u0130MAR\u0130                                                            <\/a>\n                        <\/li>\n                                    <\/ul>\n                <div class=\"tab-content\">\n\n                                            <div id=\"tab-OZ7sg-0\" class=\"tab-pane fade in active\">\n\n                            <div class=\"tabs-inner\">\n\n                                <div class=\"apus-property-container\"><p data-start=\"227\" data-end=\"618\"><span dir=\"auto\" style=\"vertical-align: inherit;\"><span dir=\"auto\" style=\"vertical-align: inherit;\">Tan Yap\u0131 Dekorasyon \u0130zolasyon olarak, d\u0131\u015f cephe uygulamalar\u0131nda yaln\u0131zca estetik de\u011fil, ayn\u0131 zamanda uzun \u00f6m\u00fcrl\u00fc ve dayan\u0131kl\u0131 \u00e7\u00f6z\u00fcmler sunuyoruz. Binalar\u0131n d\u0131\u015f cephesi, hem ilk izlenimi belirleyen g\u00f6rsel bir unsurdur hem de yap\u0131n\u0131n d\u0131\u015f etkenlere kar\u015f\u0131 korunmas\u0131nda b\u00fcy\u00fck rol oynar. Bu nedenle d\u0131\u015f cephe kaplamalar\u0131nda kaliteli malzeme, do\u011fru uygulama ve profesyonel i\u015f\u00e7ilik b\u00fcy\u00fck \u00f6nem ta\u015f\u0131r.<\/span><\/span><\/p><p data-start=\"620\" data-end=\"643\"><span dir=\"auto\" style=\"vertical-align: inherit;\"><span dir=\"auto\" style=\"vertical-align: inherit;\">Hizmetlerimiz aras\u0131nda:<\/span><\/span><\/p><ul data-start=\"645\" data-end=\"846\"><li data-start=\"645\" data-end=\"685\"><p data-start=\"647\" data-end=\"685\"><strong data-start=\"647\" data-end=\"685\"><span dir=\"auto\" style=\"vertical-align: inherit;\"><span dir=\"auto\" style=\"vertical-align: inherit;\">D\u0131\u015f cephe mantolama (\u0131s\u0131 yal\u0131t\u0131m\u0131)<\/span><\/span><\/strong><\/p><\/li><li data-start=\"686\" data-end=\"715\"><p data-start=\"688\" data-end=\"715\"><strong data-start=\"688\" data-end=\"715\"><span dir=\"auto\" style=\"vertical-align: inherit;\"><span dir=\"auto\" style=\"vertical-align: inherit;\">Dekoratif cephe kaplama<\/span><\/span><\/strong><\/p><\/li><li data-start=\"716\" data-end=\"757\"><p data-start=\"718\" data-end=\"757\"><strong data-start=\"718\" data-end=\"757\"><span dir=\"auto\" style=\"vertical-align: inherit;\"><span dir=\"auto\" style=\"vertical-align: inherit;\">Su yal\u0131t\u0131m\u0131 ve nem \u00f6nleme \u00e7\u00f6z\u00fcmleri<\/span><\/span><\/strong><\/p><\/li><li data-start=\"758\" data-end=\"788\"><p data-start=\"760\" data-end=\"788\"><strong data-start=\"760\" data-end=\"788\"><span dir=\"auto\" style=\"vertical-align: inherit;\"><span dir=\"auto\" style=\"vertical-align: inherit;\">Cephe boyama ve yenileme<\/span><\/span><\/strong><\/p><\/li><li data-start=\"789\" data-end=\"846\"><p data-start=\"791\" data-end=\"846\"><strong data-start=\"791\" data-end=\"830\"><span dir=\"auto\" style=\"vertical-align: inherit;\"><span dir=\"auto\" style=\"vertical-align: inherit;\">Kompozit ve modern cephe sistemleri<\/span><\/span><\/strong><span dir=\"auto\" style=\"vertical-align: inherit;\"><span dir=\"auto\" style=\"vertical-align: inherit;\"> yer almaktad\u0131r.<\/span><\/span><\/p><\/li><\/ul><p data-start=\"848\" data-end=\"1085\"><span dir=\"auto\" style=\"vertical-align: inherit;\"><span dir=\"auto\" style=\"vertical-align: inherit;\">Enerji tasarrufu, bina de\u011ferinin artmas\u0131 ve estetik bir g\u00f6r\u00fcn\u00fcm i\u00e7in d\u0131\u015f cephe uygulamalar\u0131nda uzman ekibimizle her zaman yan\u0131n\u0131zday\u0131z. Projenizin ihtiyac\u0131na \u00f6zel \u00e7\u00f6z\u00fcmler geli\u015ftiriyor, zaman\u0131nda ve g\u00fcvenilir teslimatla fark yarat\u0131yoruz.<\/span><\/span><\/p><p data-start=\"1087\" data-end=\"1186\"><strong data-start=\"1087\" data-end=\"1186\"><span dir=\"auto\" style=\"vertical-align: inherit;\"><span dir=\"auto\" style=\"vertical-align: inherit;\">Tan Yap\u0131 g\u00fcvencesiyle d\u0131\u015f cephenizi yenileyin, hem \u015f\u0131kl\u0131\u011f\u0131 hem dayan\u0131kl\u0131l\u0131\u011f\u0131 bir arada ya\u015fay\u0131n!<\/span><\/span><\/strong><\/p><\/div>                                \n                            <\/div>\n                        <\/div>\n                                            <div id=\"tab-OZ7sg-1\" class=\"tab-pane fade \">\n\n                            <div class=\"tabs-inner\">\n\n                                <div class=\"apus-property-container\"><p data-start=\"212\" data-end=\"475\">Tan Yap\u0131 Dekorasyon \u0130zolasyon olarak, binalar\u0131n\u0131z i\u00e7in en etkili \u0131s\u0131 yal\u0131t\u0131m \u00e7\u00f6z\u00fcm\u00fc olan <strong data-start=\"301\" data-end=\"314\">mantolama<\/strong> hizmetini profesyonel ekibimizle sunuyoruz. Mantolama, hem k\u0131\u015f\u0131n \u0131s\u0131 kayb\u0131n\u0131 \u00f6nler hem de yaz\u0131n i\u00e7 ortam\u0131n serin kalmas\u0131n\u0131 sa\u011flayarak enerji t\u00fcketimini azalt\u0131r.<\/p><p data-start=\"477\" data-end=\"499\"><strong data-start=\"477\" data-end=\"497\">Neden Mantolama?<\/strong><\/p><ul data-start=\"500\" data-end=\"748\"><li data-start=\"500\" data-end=\"553\"><p data-start=\"502\" data-end=\"553\">Yak\u0131t ve enerji giderlerinde %40\u2019a varan tasarruf<\/p><\/li><li data-start=\"554\" data-end=\"586\"><p data-start=\"556\" data-end=\"586\">Daha konforlu ya\u015fam alanlar\u0131<\/p><\/li><li data-start=\"587\" data-end=\"631\"><p data-start=\"589\" data-end=\"631\">Nem, rutubet ve k\u00fcf olu\u015fumunun \u00f6nlenmesi<\/p><\/li><li data-start=\"632\" data-end=\"673\"><p data-start=\"634\" data-end=\"673\">Binan\u0131n d\u0131\u015f etkenlere kar\u015f\u0131 korunmas\u0131<\/p><\/li><li data-start=\"674\" data-end=\"719\"><p data-start=\"676\" data-end=\"719\">D\u0131\u015f cephede estetik ve modern bir g\u00f6r\u00fcn\u00fcm<\/p><\/li><li data-start=\"720\" data-end=\"748\"><p data-start=\"722\" data-end=\"748\">Binan\u0131n \u00f6mr\u00fcn\u00fcn uzat\u0131lmas\u0131<\/p><\/li><\/ul><p data-start=\"750\" data-end=\"1010\">Tan Yap\u0131 olarak, yaln\u0131zca kaliteli ve sertifikal\u0131 malzemeler kullan\u0131yor, uygulama s\u00fcrecinde titizlikle \u00e7al\u0131\u015f\u0131yoruz. \u0130ster yeni bina, ister eski yap\u0131 olsun; ihtiyaca \u00f6zel \u00e7\u00f6z\u00fcmlerle mantolama uygulamalar\u0131n\u0131z\u0131 uzun \u00f6m\u00fcrl\u00fc ve garantili \u015fekilde ger\u00e7ekle\u015ftiriyoruz.<\/p><p data-start=\"1012\" data-end=\"1116\"><strong data-start=\"1012\" data-end=\"1116\">Is\u0131 kayb\u0131na son, konfora ad\u0131m at\u0131n! Tan Yap\u0131 ile eviniz ya da i\u015f yeriniz d\u00f6rt mevsim koruma alt\u0131nda.<\/strong><\/p><ul class=\"list-unstyled\"><li>\u00a0<\/li><\/ul><\/div>                                \n                            <\/div>\n                        <\/div>\n                                            <div id=\"tab-OZ7sg-2\" class=\"tab-pane fade \">\n\n                            <div class=\"tabs-inner\">\n\n                                <ul><li data-start=\"490\" data-end=\"597\"><p data-start=\"492\" data-end=\"597\"><strong data-start=\"492\" data-end=\"521\">Is\u0131 Yal\u0131t\u0131m\u0131 (Mantolama):<\/strong> K\u0131\u015f\u0131n s\u0131cak, yaz\u0131n serin bir ortam sa\u011flar, enerji faturalar\u0131n\u0131z\u0131 d\u00fc\u015f\u00fcr\u00fcr.<\/p><\/li><li data-start=\"598\" data-end=\"688\"><p data-start=\"600\" data-end=\"688\"><strong data-start=\"600\" data-end=\"616\">Su Yal\u0131t\u0131m\u0131:<\/strong> Ya\u011fmur, nem ve su s\u0131z\u0131nt\u0131lar\u0131na kar\u015f\u0131 yap\u0131n\u0131z\u0131 korur, rutubeti \u00f6nler.<\/p><\/li><li data-start=\"689\" data-end=\"775\"><p data-start=\"691\" data-end=\"775\"><strong data-start=\"691\" data-end=\"708\">Ses Yal\u0131t\u0131m\u0131:<\/strong> G\u00fcr\u00fclt\u00fcy\u00fc engeller, daha sakin ve konforlu ya\u015fam alanlar\u0131 sunar.<\/p><\/li><li data-start=\"776\" data-end=\"864\"><p data-start=\"778\" data-end=\"864\"><strong data-start=\"778\" data-end=\"798\">Yang\u0131n Yal\u0131t\u0131m\u0131:<\/strong> Yang\u0131na kar\u015f\u0131 dayan\u0131kl\u0131 malzemelerle can ve mal g\u00fcvenli\u011fi sa\u011flar.<\/p><\/li><li data-start=\"866\" data-end=\"1101\">Her bina farkl\u0131d\u0131r, bu nedenle projelerinize \u00f6zel ke\u015fif yap\u0131yor, en uygun izolasyon y\u00f6ntemini se\u00e7erek kaliteli malzeme ve i\u015f\u00e7ilikle uyguluyoruz. Hem yeni yap\u0131larda hem de eski binalarda g\u00fcvenle tercih edebilece\u011finiz \u00e7\u00f6z\u00fcmler sunuyoruz.<\/li><\/ul>                                \n                            <\/div>\n                        <\/div>\n                                            <div id=\"tab-OZ7sg-3\" class=\"tab-pane fade \">\n\n                            <div class=\"tabs-inner\">\n\n                                <div class=\"apus-property-container\"><p data-start=\"200\" data-end=\"492\">\u00c7at\u0131lar, yap\u0131lar\u0131n en \u00e7ok d\u0131\u015f etkenlere maruz kalan b\u00f6l\u00fcmleridir. <strong data-start=\"266\" data-end=\"299\">Tan Yap\u0131 Dekorasyon \u0130zolasyon<\/strong> olarak, \u00e7at\u0131 sistemlerinde hem koruyucu hem de estetik \u00e7\u00f6z\u00fcmler sunuyoruz. Uzman ekibimizle \u00e7at\u0131 yap\u0131m\u0131, onar\u0131m\u0131 ve izolasyonu konular\u0131nda kaliteli, uzun \u00f6m\u00fcrl\u00fc uygulamalar ger\u00e7ekle\u015ftiriyoruz.<\/p><p data-start=\"494\" data-end=\"519\"><strong data-start=\"494\" data-end=\"517\">\u00c7at\u0131 Hizmetlerimiz:<\/strong><\/p><ul data-start=\"520\" data-end=\"714\"><li data-start=\"520\" data-end=\"570\"><p data-start=\"522\" data-end=\"570\">Yeni \u00e7at\u0131 yap\u0131m\u0131 (kiremit, panel, shingle vb.)<\/p><\/li><li data-start=\"571\" data-end=\"597\"><p data-start=\"573\" data-end=\"597\">\u00c7at\u0131 tamiri ve onar\u0131m\u0131<\/p><\/li><li data-start=\"598\" data-end=\"633\"><p data-start=\"600\" data-end=\"633\">Is\u0131 ve su yal\u0131t\u0131m\u0131 uygulamalar\u0131<\/p><\/li><li data-start=\"634\" data-end=\"674\"><p data-start=\"636\" data-end=\"674\">\u00c7at\u0131 kaplama ve izolasyon sistemleri<\/p><\/li><li data-start=\"675\" data-end=\"714\"><p data-start=\"677\" data-end=\"714\">Ya\u011fmur olu\u011fu, baca ve detay \u00e7\u00f6z\u00fcmleri<\/p><\/li><\/ul><\/div>                                \n                            <\/div>\n                        <\/div>\n                                            <div id=\"tab-OZ7sg-4\" class=\"tab-pane fade \">\n\n                            <div class=\"tabs-inner\">\n\n                                <div class=\"apus-property-container\"><p data-start=\"197\" data-end=\"478\"><strong data-start=\"197\" data-end=\"230\">Tan Yap\u0131 Dekorasyon \u0130zolasyon<\/strong> olarak, ya\u015fam ve \u00e7al\u0131\u015fma alanlar\u0131n\u0131z\u0131 sadece g\u00fczelle\u015ftirmekle kalm\u0131yor; ayn\u0131 zamanda i\u015flevsel, modern ve size \u00f6zel mek\u00e2nlar haline getiriyoruz. \u0130\u00e7 mimari hizmetlerimizle tarz\u0131n\u0131z\u0131 yans\u0131tan, konforu ve esteti\u011fi bir araya getiren \u00e7\u00f6z\u00fcmler sunuyoruz.<\/p><p data-start=\"480\" data-end=\"510\"><strong data-start=\"480\" data-end=\"508\">\u0130\u00e7 Mimari Hizmetlerimiz:<\/strong><\/p><ul data-start=\"511\" data-end=\"700\"><li data-start=\"511\" data-end=\"543\"><p data-start=\"513\" data-end=\"543\">Mek\u00e2n planlama ve 3D tasar\u0131m<\/p><\/li><li data-start=\"544\" data-end=\"576\"><p data-start=\"546\" data-end=\"576\">Renk, doku ve malzeme se\u00e7imi<\/p><\/li><li data-start=\"577\" data-end=\"612\"><p data-start=\"579\" data-end=\"612\">Ayd\u0131nlatma ve mobilya yerle\u015fimi<\/p><\/li><li data-start=\"613\" data-end=\"663\"><p data-start=\"615\" data-end=\"663\">Modern, klasik ve minimal dekorasyon \u00e7\u00f6z\u00fcmleri<\/p><\/li><li data-start=\"664\" data-end=\"700\"><p data-start=\"666\" data-end=\"700\">\u00a0<\/p><\/li><\/ul><\/div>                                \n                            <\/div>\n                        <\/div>\n                                    <\/div>\n            <\/div>\n        <\/div>\n        \t\t\t\t<\/div>\n\t\t\t\t<\/div>\n\t\t\t\t\t<\/div>\n\t\t<\/div>\n\t\t\t\t\t<\/div>\n\t\t<\/section>\n\t\t\t\t<\/div>\n\t\t","protected":false},"excerpt":{"rendered":"<p>\u00d6zg\u00fcn Tasar\u0131mlar Mek\u00e2nlar\u0131n\u0131z\u0131, ihtiya\u00e7 ve zevklerinize \u00f6zel \u00f6zg\u00fcn tasar\u0131mlarla yeniden \u015fekillendiriyoruz. Kaliteli Malzeme Ve \u0130\u015f\u00e7ilik T\u00fcm projelerimizde birinci s\u0131n\u0131f malzeme ve usta i\u015f\u00e7ilikle hizmet sunuyoruz. Zaman\u0131nda Teslimat Projelerinizi planlad\u0131\u011f\u0131m\u0131z s\u00fcrede, eksiksiz ve zaman\u0131nda teslim ediyoruz. M\u00fc\u015fteri Memnuniyeti T\u00fcm s\u00fcre\u00e7lerde m\u00fc\u015fteri memnuniyetini \u00f6n planda tutarak hizmet sunuyoruz. \u00d6zel Cephe Tasar\u0131m\u0131 Cephe tasar\u0131mlar\u0131m\u0131zda mimari uyum, malzeme kalitesi &hellip; <br \/><a href=\"https:\/\/tanyapidekorasyonizolasyon.com\/index.php\/services\/\" class=\"more-link\">Continue reading <span class=\"screen-reader-text\">H\u0130ZMETLER\u0130M\u0130Z<\/span><\/a><\/p>\n","protected":false},"author":1,"featured_media":0,"parent":0,"menu_order":0,"comment_status":"closed","ping_status":"closed","template":"","meta":{"footnotes":""},"class_list":["post-6084","page","type-page","status-publish","hentry"],"_links":{"self":[{"href":"https:\/\/tanyapidekorasyonizolasyon.com\/index.php\/wp-json\/wp\/v2\/pages\/6084","targetHints":{"allow":["GET"]}}],"collection":[{"href":"https:\/\/tanyapidekorasyonizolasyon.com\/index.php\/wp-json\/wp\/v2\/pages"}],"about":[{"href":"https:\/\/tanyapidekorasyonizolasyon.com\/index.php\/wp-json\/wp\/v2\/types\/page"}],"author":[{"embeddable":true,"href":"https:\/\/tanyapidekorasyonizolasyon.com\/index.php\/wp-json\/wp\/v2\/users\/1"}],"replies":[{"embeddable":true,"href":"https:\/\/tanyapidekorasyonizolasyon.com\/index.php\/wp-json\/wp\/v2\/comments?post=6084"}],"version-history":[{"count":7,"href":"https:\/\/tanyapidekorasyonizolasyon.com\/index.php\/wp-json\/wp\/v2\/pages\/6084\/revisions"}],"predecessor-version":[{"id":7802,"href":"https:\/\/tanyapidekorasyonizolasyon.com\/index.php\/wp-json\/wp\/v2\/pages\/6084\/revisions\/7802"}],"wp:attachment":[{"href":"https:\/\/tanyapidekorasyonizolasyon.com\/index.php\/wp-json\/wp\/v2\/media?parent=6084"}],"curies":[{"name":"wp","href":"https:\/\/api.w.org\/{rel}","templated":true}]}}