{"id":303,"date":"2019-05-16T03:46:47","date_gmt":"2019-05-16T03:46:47","guid":{"rendered":"http:\/\/192.168.1.123\/wordpress-work\/edumy\/?page_id=303"},"modified":"2025-10-09T09:35:46","modified_gmt":"2025-10-09T06:35:46","slug":"iletisim","status":"publish","type":"page","link":"https:\/\/tanyapidekorasyonizolasyon.com\/index.php\/iletisim\/","title":{"rendered":"\u0130LET\u0130\u015e\u0130M"},"content":{"rendered":"\t\t<div data-elementor-type=\"wp-post\" data-elementor-id=\"303\" class=\"elementor elementor-303\">\n\t\t\t\t\t\t<section class=\"elementor-section elementor-top-section elementor-element elementor-element-6487c21 elementor-section-stretched elementor-section-boxed elementor-section-height-default elementor-section-height-default\" data-id=\"6487c21\" data-element_type=\"section\" data-settings=\"{&quot;stretch_section&quot;:&quot;section-stretched&quot;}\">\n\t\t\t\t\t\t<div class=\"elementor-container elementor-column-gap-extended\">\n\t\t\t\t\t<div class=\"elementor-column elementor-col-50 elementor-top-column elementor-element elementor-element-058ebfe\" data-id=\"058ebfe\" data-element_type=\"column\">\n\t\t\t<div class=\"elementor-widget-wrap elementor-element-populated\">\n\t\t\t\t\t\t<div class=\"elementor-element elementor-element-03d72a8 elementor-widget elementor-widget-heading\" data-id=\"03d72a8\" data-element_type=\"widget\" data-widget_type=\"heading.default\">\n\t\t\t\t\t<h2 class=\"elementor-heading-title elementor-size-default\">Zaman\u0131n\u0131z varsa, bir fincan kahve e\u015fli\u011finde projelerinizi ve ihtiya\u00e7lar\u0131n\u0131z\u0131 konu\u015fmak i\u00e7in bizimle ileti\u015fime ge\u00e7mekten \u00e7ekinmeyin.<\/h2>\t\t\t\t<\/div>\n\t\t\t\t<div class=\"elementor-element elementor-element-9047803 elementor-widget elementor-widget-heading\" data-id=\"9047803\" data-element_type=\"widget\" data-widget_type=\"heading.default\">\n\t\t\t\t\t<p class=\"elementor-heading-title elementor-size-default\">\u0130htiya\u00e7lar\u0131n\u0131za en uygun \u00e7\u00f6z\u00fcmleri sunmak ve projelerinizi en y\u00fcksek kalite standartlar\u0131nda hayata ge\u00e7irmek i\u00e7in buraday\u0131z. Sorular\u0131n\u0131z, i\u015f birli\u011fi talepleriniz veya dan\u0131\u015fmanl\u0131k ihtiya\u00e7lar\u0131n\u0131z i\u00e7in bizimle ileti\u015fime ge\u00e7ebilirsiniz.<\/p>\t\t\t\t<\/div>\n\t\t\t\t<div class=\"elementor-element elementor-element-638c17c elementor-widget elementor-widget-text-editor\" data-id=\"638c17c\" data-element_type=\"widget\" data-widget_type=\"text-editor.default\">\n\t\t\t\t\t\t\t\t\t<div class=\"apus-list-contact\"><ul class=\"apus-list-contact-address list-unstyled\"><li><span dir=\"auto\"><span dir=\"auto\">Adres: Abdurrahmangazi Mah. sevenler Cad. No: 42\/3D Sancaktepe \u0130stanbul\/T\u00fcrkiye<\/span><\/span><\/li><li><span dir=\"auto\"><span dir=\"auto\">E-posta:\u00a0<\/span><\/span><a href=\"mailto:abolireoffice@domain.com\" target=\"_top\"><span dir=\"auto\"><span dir=\"auto\">info@tanyapidekorasyon.com<\/span><\/span><\/a><\/li><li><span dir=\"auto\"><span dir=\"auto\">Telefon:\u00a0<strong>0 532 158 02 71<\/strong><\/span><\/span><\/li><li><a href=\"mailto:abolireoffice@domain.com\" target=\"_top\"><span dir=\"auto\"><span dir=\"auto\">\u00a0<\/span><\/span><\/a><\/li><li>\u00a0<\/li><\/ul><ul class=\"apus-list-contact-address list-unstyled\"><li>\u00a0<\/li><li>\u00a0<\/li><\/ul><\/div>\t\t\t\t\t\t\t\t<\/div>\n\t\t\t\t\t<\/div>\n\t\t<\/div>\n\t\t\t\t<div class=\"elementor-column elementor-col-50 elementor-top-column elementor-element elementor-element-d5dfb02\" data-id=\"d5dfb02\" data-element_type=\"column\">\n\t\t\t<div class=\"elementor-widget-wrap elementor-element-populated\">\n\t\t\t\t\t\t<div class=\"elementor-element elementor-element-9e9d82f elementor-widget elementor-widget-apus_element_team\" data-id=\"9e9d82f\" data-element_type=\"widget\" data-widget_type=\"apus_element_team.default\">\n\t\t\t\t<div class=\"elementor-widget-container\">\n\t\t\t\t\t        <div class=\"widget-team  horizontal\">\n\n                                    <div class=\"team-image\">\n                        <div class=\"image-wrapper\"><img fetchpriority=\"high\" decoding=\"async\" width=\"360\" height=\"360\" src=\"https:\/\/tanyapidekorasyonizolasyon.com\/wp-content\/uploads\/2019\/09\/agent_user_2.jpg\" class=\"attachment-full size-full\" alt=\"\" srcset=\"https:\/\/tanyapidekorasyonizolasyon.com\/wp-content\/uploads\/2019\/09\/agent_user_2.jpg 360w, https:\/\/tanyapidekorasyonizolasyon.com\/wp-content\/uploads\/2019\/09\/agent_user_2-300x300.jpg 300w, https:\/\/tanyapidekorasyonizolasyon.com\/wp-content\/uploads\/2019\/09\/agent_user_2-150x150.jpg 150w\" sizes=\"(max-width: 360px) 100vw, 360px\" \/><\/div>                    <\/div>\n                                <div class=\"content\">\n                                            <h3 class=\"name-team\">\n                                                            YUNUS YAL\u00c7IN                                                    <\/h3>\n                    \n                                            <div class=\"email\">                            \n                            <a href=\"mailto:yunus@tanyapidekorasyonizolasyon.com\" target=\"_top\">yunus@tanyapidekorasyonizolasyon.com<\/a>\n                        <\/div>\n                    \n                                    <\/div>\n        <\/div>\n        \t\t\t\t<\/div>\n\t\t\t\t<\/div>\n\t\t\t\t<div class=\"elementor-element elementor-element-1ab418e elementor-widget elementor-widget-apus_element_team\" data-id=\"1ab418e\" data-element_type=\"widget\" data-widget_type=\"apus_element_team.default\">\n\t\t\t\t<div class=\"elementor-widget-container\">\n\t\t\t\t\t        <div class=\"widget-team  horizontal\">\n\n                                    <div class=\"team-image\">\n                        <div class=\"image-wrapper\"><img decoding=\"async\" width=\"360\" height=\"360\" src=\"https:\/\/tanyapidekorasyonizolasyon.com\/wp-content\/uploads\/2019\/09\/agent_user_12.jpg\" class=\"attachment-full size-full\" alt=\"\" srcset=\"https:\/\/tanyapidekorasyonizolasyon.com\/wp-content\/uploads\/2019\/09\/agent_user_12.jpg 360w, https:\/\/tanyapidekorasyonizolasyon.com\/wp-content\/uploads\/2019\/09\/agent_user_12-300x300.jpg 300w, https:\/\/tanyapidekorasyonizolasyon.com\/wp-content\/uploads\/2019\/09\/agent_user_12-150x150.jpg 150w\" sizes=\"(max-width: 360px) 100vw, 360px\" \/><\/div>                    <\/div>\n                                <div class=\"content\">\n                                            <h3 class=\"name-team\">\n                                                            D\u0130LARA YURDAKUL                                                    <\/h3>\n                    \n                                            <div class=\"email\">                            \n                            <a href=\"mailto:dilara@tanyapidekorasyonizolasyon.com\" target=\"_top\">dilara@tanyapidekorasyonizolasyon.com<\/a>\n                        <\/div>\n                    \n                                            <div class=\"phone\">                            \n                            <a href=\"tel:+90 531 607 40 34\">+90 531 607 40 34<\/a>\n                        <\/div>\n                                    <\/div>\n        <\/div>\n        \t\t\t\t<\/div>\n\t\t\t\t<\/div>\n\t\t\t\t<div class=\"elementor-element elementor-element-57e691f elementor-widget elementor-widget-apus_element_team\" data-id=\"57e691f\" data-element_type=\"widget\" data-widget_type=\"apus_element_team.default\">\n\t\t\t\t<div class=\"elementor-widget-container\">\n\t\t\t\t\t        <div class=\"widget-team  horizontal\">\n\n                                    <div class=\"team-image\">\n                        <div class=\"image-wrapper\"><img decoding=\"async\" width=\"360\" height=\"360\" src=\"https:\/\/tanyapidekorasyonizolasyon.com\/wp-content\/uploads\/2019\/09\/agent_user_11.jpg\" class=\"attachment-full size-full\" alt=\"\" srcset=\"https:\/\/tanyapidekorasyonizolasyon.com\/wp-content\/uploads\/2019\/09\/agent_user_11.jpg 360w, https:\/\/tanyapidekorasyonizolasyon.com\/wp-content\/uploads\/2019\/09\/agent_user_11-300x300.jpg 300w, https:\/\/tanyapidekorasyonizolasyon.com\/wp-content\/uploads\/2019\/09\/agent_user_11-150x150.jpg 150w\" sizes=\"(max-width: 360px) 100vw, 360px\" \/><\/div>                    <\/div>\n                                <div class=\"content\">\n                                            <h3 class=\"name-team\">\n                                                            TARKAN AVCI                                                    <\/h3>\n                    \n                                            <div class=\"email\">                            \n                            <a href=\"mailto:tarkan@tanyapidekorasyonizolasyon.com\" target=\"_top\">tarkan@tanyapidekorasyonizolasyon.com<\/a>\n                        <\/div>\n                    \n                                    <\/div>\n        <\/div>\n        \t\t\t\t<\/div>\n\t\t\t\t<\/div>\n\t\t\t\t\t<\/div>\n\t\t<\/div>\n\t\t\t\t\t<\/div>\n\t\t<\/section>\n\t\t\t\t<section class=\"elementor-section elementor-top-section elementor-element elementor-element-f67917f elementor-section-stretched elementor-section-full_width elementor-section-height-default elementor-section-height-default\" data-id=\"f67917f\" data-element_type=\"section\" data-settings=\"{&quot;stretch_section&quot;:&quot;section-stretched&quot;,&quot;background_background&quot;:&quot;classic&quot;}\">\n\t\t\t\t\t\t<div class=\"elementor-container elementor-column-gap-extended\">\n\t\t\t\t\t<div class=\"elementor-column elementor-col-50 elementor-top-column elementor-element elementor-element-7ccb06b\" data-id=\"7ccb06b\" data-element_type=\"column\">\n\t\t\t<div class=\"elementor-widget-wrap elementor-element-populated\">\n\t\t\t\t\t\t<div class=\"elementor-element elementor-element-98b0262 elementor-widget elementor-widget-google_maps\" data-id=\"98b0262\" data-element_type=\"widget\" data-widget_type=\"google_maps.default\">\n\t\t\t\t\t\t\t<div class=\"elementor-custom-embed\">\n\t\t\t<iframe loading=\"lazy\"\n\t\t\t\t\tsrc=\"https:\/\/maps.google.com\/maps?q=Abdurrahmangazi%20Mah.%20sevenler%20Cad.%20No%3A%2042%2F3D%20Sancaktepe%20%C4%B0stanbul%2FT%C3%BCrkiye&#038;t=m&#038;z=14&#038;output=embed&#038;iwloc=near\"\n\t\t\t\t\ttitle=\"Abdurrahmangazi Mah. sevenler Cad. No: 42\/3D Sancaktepe \u0130stanbul\/T\u00fcrkiye\"\n\t\t\t\t\taria-label=\"Abdurrahmangazi Mah. sevenler Cad. No: 42\/3D Sancaktepe \u0130stanbul\/T\u00fcrkiye\"\n\t\t\t><\/iframe>\n\t\t<\/div>\n\t\t\t\t\t\t<\/div>\n\t\t\t\t\t<\/div>\n\t\t<\/div>\n\t\t\t\t<div class=\"elementor-column elementor-col-50 elementor-top-column elementor-element elementor-element-cfcc4a2 apus-map-form\" data-id=\"cfcc4a2\" data-element_type=\"column\">\n\t\t\t<div class=\"elementor-widget-wrap elementor-element-populated\">\n\t\t\t\t\t\t<div class=\"elementor-element elementor-element-3242e41 elementor-widget elementor-widget-heading\" data-id=\"3242e41\" data-element_type=\"widget\" data-widget_type=\"heading.default\">\n\t\t\t\t\t<h2 class=\"elementor-heading-title elementor-size-default\">                   \u0130LET\u0130\u015e\u0130ME GE\u00c7\u0130N<\/h2>\t\t\t\t<\/div>\n\t\t\t\t<div class=\"elementor-element elementor-element-580da33 elementor-widget__width-initial elementor-widget elementor-widget-text-editor\" data-id=\"580da33\" data-element_type=\"widget\" data-widget_type=\"text-editor.default\">\n\t\t\t\t\t\t\t\t\t\n<div class=\"wpcf7 no-js\" id=\"wpcf7-f2454-o1\" lang=\"en-US\" dir=\"ltr\" data-wpcf7-id=\"2454\">\n<div class=\"screen-reader-response\"><p role=\"status\" aria-live=\"polite\" aria-atomic=\"true\"><\/p> <ul><\/ul><\/div>\n<form action=\"\/index.php\/wp-json\/wp\/v2\/pages\/303#wpcf7-f2454-o1\" method=\"post\" class=\"wpcf7-form init\" aria-label=\"Contact form\" novalidate=\"novalidate\" data-status=\"init\">\n<fieldset class=\"hidden-fields-container\"><input type=\"hidden\" name=\"_wpcf7\" value=\"2454\" \/><input type=\"hidden\" name=\"_wpcf7_version\" value=\"6.1.1\" \/><input type=\"hidden\" name=\"_wpcf7_locale\" value=\"en_US\" \/><input type=\"hidden\" name=\"_wpcf7_unit_tag\" value=\"wpcf7-f2454-o1\" \/><input type=\"hidden\" name=\"_wpcf7_container_post\" value=\"0\" \/><input type=\"hidden\" name=\"_wpcf7_posted_data_hash\" value=\"\" \/>\n<\/fieldset>\n<div class=\"pcf7-form-contact page-form-contact row\">\n\t<div class=\"col-md-6 col-sm-12 col-xs-12\">\n\t\t<p><span class=\"wpcf7-form-control-wrap\" data-name=\"your-name\"><input size=\"40\" maxlength=\"400\" class=\"wpcf7-form-control wpcf7-text wpcf7-validates-as-required form-control\" id=\"your-name\" aria-required=\"true\" aria-invalid=\"false\" placeholder=\"Name\" value=\"\" type=\"text\" name=\"your-name\" \/><\/span>\n\t\t<\/p>\n\t<\/div>\n\t<div class=\"col-md-6 col-sm-12 col-xs-12\">\n\t\t<p><span class=\"wpcf7-form-control-wrap\" data-name=\"your-email\"><input size=\"40\" maxlength=\"400\" class=\"wpcf7-form-control wpcf7-email wpcf7-validates-as-required wpcf7-text wpcf7-validates-as-email form-control\" id=\"your-email\" aria-required=\"true\" aria-invalid=\"false\" placeholder=\"Email\" value=\"\" type=\"email\" name=\"your-email\" \/><\/span>\n\t\t<\/p>\n\t<\/div>\n\t<div class=\"col-md-6 col-sm-12 col-xs-12\">\n\t\t<p><span class=\"wpcf7-form-control-wrap\" data-name=\"text-17\"><input size=\"40\" maxlength=\"400\" class=\"wpcf7-form-control wpcf7-text form-control\" id=\"your-phone\" aria-invalid=\"false\" placeholder=\"Phone\" value=\"\" type=\"text\" name=\"text-17\" \/><\/span>\n\t\t<\/p>\n\t<\/div>\n\t<div class=\"col-md-6 col-sm-12 col-xs-12\">\n\t\t<p><span class=\"wpcf7-form-control-wrap\" data-name=\"your-subject\"><input size=\"40\" maxlength=\"400\" class=\"wpcf7-form-control wpcf7-text form-control\" id=\"your-subject\" aria-invalid=\"false\" placeholder=\"Subject\" value=\"\" type=\"text\" name=\"your-subject\" \/><\/span>\n\t\t<\/p>\n\t<\/div>\n\t<div class=\"col-md-12 col-sm-12 col-xs-12\">\n\t\t<p><span class=\"wpcf7-form-control-wrap\" data-name=\"your-message\"><textarea cols=\"40\" rows=\"10\" maxlength=\"2000\" class=\"wpcf7-form-control wpcf7-textarea form-control\" id=\"your-message\" aria-invalid=\"false\" placeholder=\"Your Message\" name=\"your-message\"><\/textarea><\/span>\n\t\t<\/p>\n\t<\/div>\n\t<div class=\"col-md-12 col-sm-12 col-xs-12\">\n\t\t<p><input class=\"wpcf7-form-control wpcf7-submit has-spinner btn btn-outline\" type=\"submit\" value=\"Submit Message\" \/>\n\t\t<\/p>\n\t<\/div>\n<\/div><div class=\"wpcf7-response-output\" aria-hidden=\"true\"><\/div>\n<\/form>\n<\/div>\n\t\t\t\t\t\t\t\t<\/div>\n\t\t\t\t\t<\/div>\n\t\t<\/div>\n\t\t\t\t\t<\/div>\n\t\t<\/section>\n\t\t\t\t<\/div>\n\t\t","protected":false},"excerpt":{"rendered":"<p>Zaman\u0131n\u0131z varsa, bir fincan kahve e\u015fli\u011finde projelerinizi ve ihtiya\u00e7lar\u0131n\u0131z\u0131 konu\u015fmak i\u00e7in bizimle ileti\u015fime ge\u00e7mekten \u00e7ekinmeyin. \u0130htiya\u00e7lar\u0131n\u0131za en uygun \u00e7\u00f6z\u00fcmleri sunmak ve projelerinizi en y\u00fcksek kalite standartlar\u0131nda hayata ge\u00e7irmek i\u00e7in buraday\u0131z. Sorular\u0131n\u0131z, i\u015f birli\u011fi talepleriniz veya dan\u0131\u015fmanl\u0131k ihtiya\u00e7lar\u0131n\u0131z i\u00e7in bizimle ileti\u015fime ge\u00e7ebilirsiniz. Adres: Abdurrahmangazi Mah. sevenler Cad. No: 42\/3D Sancaktepe \u0130stanbul\/T\u00fcrkiye E-posta:\u00a0info@tanyapidekorasyon.com Telefon:\u00a00 532 158 02 &hellip; <br \/><a href=\"https:\/\/tanyapidekorasyonizolasyon.com\/index.php\/iletisim\/\" class=\"more-link\">Continue reading <span class=\"screen-reader-text\">\u0130LET\u0130\u015e\u0130M<\/span><\/a><\/p>\n","protected":false},"author":1,"featured_media":0,"parent":0,"menu_order":0,"comment_status":"closed","ping_status":"closed","template":"","meta":{"footnotes":""},"class_list":["post-303","page","type-page","status-publish","hentry"],"_links":{"self":[{"href":"https:\/\/tanyapidekorasyonizolasyon.com\/index.php\/wp-json\/wp\/v2\/pages\/303","targetHints":{"allow":["GET"]}}],"collection":[{"href":"https:\/\/tanyapidekorasyonizolasyon.com\/index.php\/wp-json\/wp\/v2\/pages"}],"about":[{"href":"https:\/\/tanyapidekorasyonizolasyon.com\/index.php\/wp-json\/wp\/v2\/types\/page"}],"author":[{"embeddable":true,"href":"https:\/\/tanyapidekorasyonizolasyon.com\/index.php\/wp-json\/wp\/v2\/users\/1"}],"replies":[{"embeddable":true,"href":"https:\/\/tanyapidekorasyonizolasyon.com\/index.php\/wp-json\/wp\/v2\/comments?post=303"}],"version-history":[{"count":17,"href":"https:\/\/tanyapidekorasyonizolasyon.com\/index.php\/wp-json\/wp\/v2\/pages\/303\/revisions"}],"predecessor-version":[{"id":7850,"href":"https:\/\/tanyapidekorasyonizolasyon.com\/index.php\/wp-json\/wp\/v2\/pages\/303\/revisions\/7850"}],"wp:attachment":[{"href":"https:\/\/tanyapidekorasyonizolasyon.com\/index.php\/wp-json\/wp\/v2\/media?parent=303"}],"curies":[{"name":"wp","href":"https:\/\/api.w.org\/{rel}","templated":true}]}}